{"id":342,"date":"2019-09-15T21:30:24","date_gmt":"2019-09-15T21:30:24","guid":{"rendered":"https:\/\/ircbau-italia.it\/about-us\/guida-per-acquirenti-di-case\/"},"modified":"2019-11-22T14:38:14","modified_gmt":"2019-11-22T14:38:14","slug":"important-features-to-consider-when-buying-a-home","status":"publish","type":"page","link":"https:\/\/ircbau-italia.it\/en\/about-us\/important-features-to-consider-when-buying-a-home\/","title":{"rendered":"Important features to consider when buying a home"},"content":{"rendered":"<p>[vc_row css_animation=&#8221;&#8221; row_type=&#8221;row&#8221; use_row_as_full_screen_section=&#8221;no&#8221; type=&#8221;full_width&#8221; angled_section=&#8221;no&#8221; text_align=&#8221;left&#8221; background_image_as_pattern=&#8221;without_pattern&#8221;][vc_column][vc_empty_space][\/vc_column][\/vc_row][vc_row css_animation=&#8221;&#8221; row_type=&#8221;row&#8221; use_row_as_full_screen_section=&#8221;no&#8221; type=&#8221;full_width&#8221; angled_section=&#8221;no&#8221; text_align=&#8221;left&#8221; background_image_as_pattern=&#8221;without_pattern&#8221;][vc_column][vc_column_text]<\/p>\n<h2><strong>I principali aspetti da considerare quando si acquista casa<\/strong><\/h2>\n<p>&nbsp;<\/p>\n<p>Comprare casa pu\u00f2 trasformarsi in un\u2019esperienza estenuante, soprattutto se si \u00e8 alle prime armi. Quando si \u00e8 alla ricerca della futura casa, pu\u00f2 essere difficile guardare oltre le apparenze e concentrarsi sugli elementi principali di un\u2019abitazione. Una cosa fondamentale \u00e8 tenere sempre in mente i propri obiettivi. Pu\u00f2 essere d\u2019aiuto una lista degli immobili visitati, in modo da poter cancellare dalla lista quelli da non tenere in considerazione per un futuro acquisto.[\/vc_column_text][\/vc_column][\/vc_row][vc_row css_animation=&#8221;&#8221; row_type=&#8221;row&#8221; use_row_as_full_screen_section=&#8221;no&#8221; type=&#8221;full_width&#8221; angled_section=&#8221;no&#8221; text_align=&#8221;left&#8221; background_image_as_pattern=&#8221;without_pattern&#8221;][vc_column][vc_empty_space height=&#8221;80px&#8221;][\/vc_column][\/vc_row][vc_row css_animation=&#8221;&#8221; row_type=&#8221;row&#8221; use_row_as_full_screen_section=&#8221;no&#8221; type=&#8221;full_width&#8221; angled_section=&#8221;no&#8221; text_align=&#8221;left&#8221; background_image_as_pattern=&#8221;without_pattern&#8221;][vc_column width=&#8221;1\/2&#8243;][vc_column_text]<strong>Posizione<\/strong><\/p>\n<p>La decisione pi\u00f9 importante da prendere \u00e8 dove vivere. Gli agenti immobiliari sottolineano l&#8217;importanza della posizione per i loro clienti perch\u00e9 influenzer\u00e0 notevolmente il valore di una casa oggi e il valore in caso di una futura rivendita. Due case uguali possono avere prezzi molto diversi basati esclusivamente sulla posizione.<\/p>\n<p>Questi sono i fattori principali da tenere in considerazione:<\/p>\n<ul>\n<li>Sicurezza: avere dei vicini affidabili \u00e8 un aspetto importante per sentirsi tranquilli nell\u2019ottica di un trasferimento in una casa nuova.<\/li>\n<li>Presenza di scuole nelle vicinanze: anche se non si hanno figli, acquistare un\u2019abitazione situata nelle vicinanze delle scuole \u00e8 un fattore importante per un\u2019eventuale rivendita futura.<\/li>\n<li>Convenienza: un lungo viaggio per arrivare sul luogo di lavoro, per recarsi a fare la spesa o per motivi di svago fa perdere molto tempo che potrebbe essere speso in altre attivit\u00e0.<\/li>\n<li>Accesso: i trasporti pubblici e l&#8217;accesso rapido alle principali arterie stradali sono importanti per le persone che hanno spesso la necessit\u00e0 di spostarsi.<\/li>\n<li>Vista: una casa situata vicino all\u2019acqua o con vista panoramica \u00e8 pi\u00f9 desiderabile.<\/li>\n<\/ul>\n<p><b>Suggerimenti<\/b><\/p>\n<p><em>Prima di entrare in una casa, siediti in macchina con i finestrini abbassati e passa alcuni minuti ad ascoltare, annusare e osservare. Diventa consapevole dell&#8217;ambiente esterno della casa. Ci sono rumori forti da automobili, aerei, treni, scuole, ospedali, aziende o caserme dei pompieri? Una fabbrica o fattoria distante pu\u00f2 essere la fonte di piacevoli aromi o cattivi odori. Guardati intorno. Qual \u00e8 l&#8217;aspetto generale del quartiere? Le case e i cortili sono ben tenuti? Se acquisti questa casa, sarai in grado di uscire e goderti la vista del quartiere?<\/em><\/p>\n<p>&nbsp;<\/p>\n<p><strong>Paesaggio<\/strong><\/p>\n<p>Dopo essere uscito dalla macchina, prenditi qualche minuto per osservare il paesaggio circostante. I grandi alberi aggiungono valore ad un immobile; tuttavia, gli alberi morti possono essere costosi da rimuovere. La pendenza del terreno permette alla pioggia e alla neve che si scioglie si fluire lontano dalla casa? Se la casa si trova vicino a uno specchio d&#8217;acqua, potrebbero verificarsi delle inondazioni? Gli arbusti, le piante e il prato sono stati mantenuti nel modo corretto?<\/p>\n<p>Osserva le condizioni del vialetto, del marciapiede, di eventuali gradini e del portico. Sono integri o richiedono riparazioni o sostituzioni? Considera la resistenza dei materiali utilizzati: cemento, asfalto o altro materiale, come pietra o mattoni. Il vialetto offre ampio spazio per parcheggiare un veicolo? Quanto sar\u00e0 difficile rimuovere la neve dal vialetto e dai marciapiedi?<\/p>\n<p>C&#8217;\u00e8 una recinzione? Osserva i materiali, le condizioni attuali e quanto bene si adatta alle propriet\u00e0 degli altri vicini. \u00c8 ornamentale, protegger\u00e0 animali domestici e bambini?[\/vc_column_text][\/vc_column][vc_column width=&#8221;1\/2&#8243;][vc_column_text]<strong>Esterno: tetto e rivestimenti<\/strong><\/p>\n<p>Il tetto \u00e8 uno degli elementi chiave di una casa perch\u00e9 \u00e8 la prima linea di difesa contro i danni causati dall&#8217;acqua all&#8217;interno dell\u2019abitazione. \u00c8 anche uno degli elementi pi\u00f9 costosi da riparare o sostituire. Le tegole dovrebbero essere regolari e avere una colorazione uniforme, prive di muschio e muffe. Nota eventuali tegole mancanti o disposte in maniera irregolare, rattoppi e crepe. Tavole scomposte o punti di cedimento sono un segno che il tetto deve essere riparato o sostituito. Attente osservazioni all&#8217;esterno ti prepareranno a cercare segni di danni causati dall&#8217;acqua all&#8217;interno della casa.<\/p>\n<p><b>Suggerimenti<\/b><\/p>\n<p><em>Verificare la presenza di grondaie e pluviali che dirigono l&#8217;acqua lontano dalla fondazione. Se vedi dei detriti alla fine di un incanalamento, le tegole potrebbero essere vecchie ed usurate.<\/em><\/p>\n<p><em>Quindi controlla il rivestimento delle finestre per eventuali problemi di manutenzione che vanno oltre una nuova mano di vernice. Cerca crepe, fessure e buchi che potrebbero consentire all&#8217;umidit\u00e0, agli insetti e agli animali di entrare in casa. Le formiche o le termiti possono causare gravi danni. Se i rivestimenti hanno iniziato a marcire o sbriciolarsi, dovranno essere sostituiti. Eventuali rivestimenti deformati possono indicare un danno idrico sottostante. Ancora una volta, cerca di ricordare i punti problematici visti all\u2019esterno e controlla le posizioni corrispondenti all&#8217;interno dell\u2019abitazione.<\/em><\/p>\n<p>&nbsp;<\/p>\n<p><strong>Fondazioni<\/strong><\/p>\n<p>Tutte le case si assestano nel terreno nel tempo, sono quindi comuni piccole crepe nella fondazione. Fai attenzione a grandi crepe che possono indicare un problema pi\u00f9 significativo. Una volta dentro la casa, controlla se vi sono porte o finestre che non si aprono in modo corretto e pavimenti irregolari. Questi difetti potrebbero indicare un cedimento delle fondazioni e una crisi strutturale dell\u2019immobile.<\/p>\n<p>&nbsp;<\/p>\n<p><strong>Entra e usa i tuoi sensi<\/strong><\/p>\n<p>Quando una casa \u00e8 stata dipinta di recente e sistemata in moda da evidenziarne i vantaggi, goditi la scena per un momento. Quindi, vai oltre le apparenze, osservala con attenzione concentrandoti sugli elementi principali che potrebbero essere costosi da cambiare, riparare o sostituire.<\/p>\n<p>Ci sono odori o profumi forti usati come tentativo di mascherare un odore? Gli odori di animali domestici, sigarette, topi e altri parassiti possono persistere, indipendentemente da ci\u00f2 che fa un proprietario di un\u2019abitazione per eliminarne la fonte. Gli odori sgradevoli possono essere causati da muffa, da un impianto idraulico malfunzionante e da problemi di umidit\u00e0. Questi possono dover richiedere operazioni di manutenzione o riparazione onerosi.<\/p>\n<p>Come ti senti? Il sistema di riscaldamento e raffreddamento dovrebbe funzionare in modo efficiente per mantenere l&#8217;aria a un livello di temperatura e umidit\u00e0 ideale. Osserva con attenzione se ci sono segni che suggeriscono la presenza di un isolamento insufficiente o di finestre di bassa qualit\u00e0. Carenze come queste aumenteranno significativamente gli importi delle bollette energetiche mensili.<\/p>\n<p>Osserva mobili e finiture in legno per capire se sono fatti di materiali pregiati. Se la posa dei rivestimenti \u00e8 stata eseguita in modo corretto non dovrebbero esserci difetti evidenti. Le piastrelle in cucina e nei bagni devono essere installate uniformemente. Piastrelle posate in maniera non corretta possono indicare un lavoro fai-da-te.<\/p>\n<p>Controlla lo stato di pulizia generale sulle principali superfici, come pareti, pavimenti, controsoffitti, piastrelle, elettrodomestici e superfici del bagno. La vernice \u00e8 sbiadita? I pavimenti mostrano usura? Il tappeto \u00e8 stato posato su un pavimento in legno per nascondere degli eventuali danni? Ci sono lampadine bruciate? Cerca i segni che indicano se la casa \u00e8 stata ben tenuta oppure trascurata.[\/vc_column_text][\/vc_column][\/vc_row][vc_row css_animation=&#8221;&#8221; row_type=&#8221;row&#8221; use_row_as_full_screen_section=&#8221;no&#8221; type=&#8221;full_width&#8221; angled_section=&#8221;no&#8221; text_align=&#8221;left&#8221; background_image_as_pattern=&#8221;without_pattern&#8221;][vc_column][vc_empty_space height=&#8221;40px&#8221;][\/vc_column][\/vc_row][vc_row css_animation=&#8221;&#8221; row_type=&#8221;row&#8221; use_row_as_full_screen_section=&#8221;no&#8221; type=&#8221;full_width&#8221; angled_section=&#8221;no&#8221; text_align=&#8221;left&#8221; background_image_as_pattern=&#8221;without_pattern&#8221;][vc_column][vc_separator type=&#8221;normal&#8221; color=&#8221;#e2e2e2&#8243; transparency=&#8221;1&#8243; up=&#8221;5&#8243; down=&#8221;5&#8243;][\/vc_column][\/vc_row][vc_row css_animation=&#8221;&#8221; row_type=&#8221;row&#8221; use_row_as_full_screen_section=&#8221;no&#8221; type=&#8221;full_width&#8221; angled_section=&#8221;no&#8221; text_align=&#8221;left&#8221; background_image_as_pattern=&#8221;without_pattern&#8221;][vc_column][vc_empty_space height=&#8221;40px&#8221;][\/vc_column][\/vc_row][vc_row css_animation=&#8221;&#8221; row_type=&#8221;row&#8221; use_row_as_full_screen_section=&#8221;no&#8221; type=&#8221;full_width&#8221; angled_section=&#8221;no&#8221; text_align=&#8221;left&#8221; background_image_as_pattern=&#8221;without_pattern&#8221;][vc_column width=&#8221;1\/2&#8243;][vc_column_text]<strong>Planimetria e flusso del traffico<\/strong><\/p>\n<p>Pensa alle tue esigenze di spazi ad uso ripostiglio o magazzino. Ci sono armadi, armadi a muro, ripostigli o cantine e uno spazio adeguato per contenere i tuoi effetti personali?<\/p>\n<p><b>Suggerimenti<\/b><\/p>\n<p><em>Una casa gi\u00e0 esistente \u00e8 stata ottimizzata per le esigenze dell&#8217;attuale proprietario, che possono essere molto diverse dalle tue. Anche una nuova casa \u00e8 progettata per un target specifico di persone che potrebbero avere uno stile di vita diverso dal tuo. Pertanto, puoi renderti conto se una casa soddisfa le tue esigenze prendendoti del tempo per camminare attraverso le varie stanze come se fossi a casa tua.<\/em><\/p>\n<p>&nbsp;<\/p>\n<p><strong>Ponetevi le seguenti domande<\/strong>.<\/p>\n<ul>\n<li>Il bagno si trova in una posizione comoda e c&#8217;\u00e8 spazio sufficiente per tutti i prodotti per la cura della persona? Preferisci una vasca o una doccia indipendente? Ci sono abbastanza o troppi bagni? (I bagni extra sono generalmente un vantaggio, ma ricordati che dovranno essere puliti.)<\/li>\n<li>Le camere hanno abbastanza spazio per l\u2019armadio? I tuoi letti, cassettiere e comodini si adatteranno in ciascuna delle camere da letto?<\/li>\n<li>La cucina soddisfa i tuoi requisiti di spazio e disposizione? Considera dove conserverai pentole, padelle, piatti e cibo. Preferisci tenere una dispensa ben fornita? Hai bisogno di molto spazio in cucina? Preferisci una cucina abitabile?<\/li>\n<li>Da dove entrerai e uscirai di casa ogni giorno? Esiste uno spazio all\u2019ingresso in cui collocare dei mobili dove riporre chiavi, cappotti, stivali, scarpe, zaino, valigetta e\/o borsa? Ci sono molti passi da fare quando porti la spesa in casa dalla macchina?<\/li>\n<li>La lavanderia \u00e8 facilmente accessibile a tutti i membri della famiglia, specialmente mentre si trasporta una cesta piena di vestiti?<\/li>\n<li>Hai bisogno di un ufficio a casa?<\/li>\n<li>Quando vuoi rilassarti, quali sono le tue esigenze? Il tuo arredamento si adatter\u00e0 comodamente allo spazio o risulter\u00e0 angusto?<\/li>\n<li>Hai figli o vuoi averne in futuro? Vuoi accogliere degli ospiti? Quale sar\u00e0 il loro spazio e dove sar\u00e0 collocato in casa?<\/li>\n<li>Hai un hobby che richiede una stanza apposita o spazio nel garage?<\/li>\n<li>Possiedi un animale domestico? Di quanto spazio hai bisogno per conservare il suo cibo e i suoi oggetti? Un cane di taglia grande che attraversa la casa far\u00e0 sembrare piccole le stanze?<\/li>\n<li>Le finestre forniscono un\u2019adeguata quantit\u00e0 di luce naturale e ventilazione? Considera l&#8217;orientamento della casa. Una casa in un clima freddo sar\u00e0 pi\u00f9 calda se orientata verso sud, e una casa in un clima caldo risulter\u00e0 pi\u00f9 fresca se orientata verso nord.<\/li>\n<li>C&#8217;\u00e8 spazio per le attrezzature sportive, i mobili e le attrezzature da giardino?<\/li>\n<li>Il garage \u00e8 abbastanza grande per i vostri veicoli e altre esigenze di stoccaggio?<\/li>\n<\/ul>\n<p>[\/vc_column_text][\/vc_column][vc_column width=&#8221;1\/2&#8243;][vc_column_text]<strong>Impianti: riscaldamento, raffreddamento, impianto idraulico e elettrico<\/strong><\/p>\n<p>\u00c8 tempo di adottare un approccio pratico. Se stai visitando una casa vecchia, accendi e spegni tutto. Controlla i rubinetti notando se ci sono piccole perdite; guarda sotto il lavandino e dentro gli armadietti. Assicurarti che tutti gli interruttori della luce funzionino. Controlla che i servizi igienici siano funzionanti. Spegni e riaccendi l\u2019impianto di ventilazione. Apri porte e finestre, inclusa la porta del garage, e assicurati che funzionino senza problemi. Anche un&#8217;ispezione rapida pu\u00f2 rivelare problemi potenzialmente costosi.<\/p>\n<p>Continua a cercare segni di danni causati dall&#8217;acqua vicino alla caldaia o allo scaldabagno. Controlla il soffitto, le pareti e il pavimento notando se ci sono segni di scolorimento e muffa. Gli armadi possono essere il posto migliore per individuarlo, poich\u00e9 questi spazi sono spesso trascurati quando un proprietario di casa prepara la casa per la visita. Inoltre, controllare le finestre per segni di danni causati dall&#8217;acqua causati da fonti esterne o umidit\u00e0. Controlla l\u2019impianto di riscaldamento e dell\u2019aria condizionata. A volte i tecnici dell&#8217;assistenza lasciano un adesivo che indica una manutenzione regolare. Puoi anche far scorrere un dito sul filtro della cappa della cucina per vedere se \u00e8 pulito: un filtro molto sporco pu\u00f2 suggerire un proprietario di casa che trascurava regolarmente le operazioni di manutenzione di base.<\/p>\n<p>&nbsp;<\/p>\n<p><strong>Tasse e commissioni<\/strong><\/p>\n<p>Ricorda che il prezzo di una casa potrebbe rientrare nel tuo budget; tuttavia, le tasse di propriet\u00e0 (come IMU, TASI e TARI) o le spese condominiali potrebbero essere pi\u00f9 elevate di quelle che puoi permetterti di pagare ogni mese. Se la casa si trova all\u2019interno di un complesso immobiliare, chiedi quali servizi sono inclusi e se l&#8217;amministrazione viene svolta in modo professionale.<\/p>\n<p>Se sei ancora interessato a una casa e vuoi fare i prossimi passi con un agente immobiliare, avrai bisogno di un professionista per proteggere il tuo investimento.<\/p>\n<p>[Fonte: hunker.com \u2013 Traduzione e adattamento a cura di Eleonora Venturini][\/vc_column_text][\/vc_column][\/vc_row][vc_row css_animation=&#8221;&#8221; row_type=&#8221;row&#8221; use_row_as_full_screen_section=&#8221;no&#8221; type=&#8221;full_width&#8221; angled_section=&#8221;no&#8221; text_align=&#8221;left&#8221; background_image_as_pattern=&#8221;without_pattern&#8221;][vc_column][vc_empty_space height=&#8221;80px&#8221;][\/vc_column][\/vc_row]<\/p>\n","protected":false},"excerpt":{"rendered":"<p>[vc_row css_animation=&#8221;&#8221; row_type=&#8221;row&#8221; use_row_as_full_screen_section=&#8221;no&#8221; type=&#8221;full_width&#8221; angled_section=&#8221;no&#8221; text_align=&#8221;left&#8221; background_image_as_pattern=&#8221;without_pattern&#8221;][vc_column][vc_empty_space][\/vc_column][\/vc_row][vc_row css_animation=&#8221;&#8221; row_type=&#8221;row&#8221; use_row_as_full_screen_section=&#8221;no&#8221; type=&#8221;full_width&#8221; angled_section=&#8221;no&#8221; text_align=&#8221;left&#8221; background_image_as_pattern=&#8221;without_pattern&#8221;][vc_column][vc_column_text] I principali aspetti da considerare quando si acquista casa &nbsp; Comprare casa pu\u00f2 trasformarsi in un\u2019esperienza estenuante, soprattutto se si \u00e8 alle prime armi. Quando si \u00e8 alla ricerca della&#8230;<\/p>\n","protected":false},"author":1,"featured_media":0,"parent":292,"menu_order":0,"comment_status":"closed","ping_status":"closed","template":"","meta":[],"_links":{"self":[{"href":"https:\/\/ircbau-italia.it\/en\/wp-json\/wp\/v2\/pages\/342"}],"collection":[{"href":"https:\/\/ircbau-italia.it\/en\/wp-json\/wp\/v2\/pages"}],"about":[{"href":"https:\/\/ircbau-italia.it\/en\/wp-json\/wp\/v2\/types\/page"}],"author":[{"embeddable":true,"href":"https:\/\/ircbau-italia.it\/en\/wp-json\/wp\/v2\/users\/1"}],"replies":[{"embeddable":true,"href":"https:\/\/ircbau-italia.it\/en\/wp-json\/wp\/v2\/comments?post=342"}],"version-history":[{"count":2,"href":"https:\/\/ircbau-italia.it\/en\/wp-json\/wp\/v2\/pages\/342\/revisions"}],"predecessor-version":[{"id":346,"href":"https:\/\/ircbau-italia.it\/en\/wp-json\/wp\/v2\/pages\/342\/revisions\/346"}],"up":[{"embeddable":true,"href":"https:\/\/ircbau-italia.it\/en\/wp-json\/wp\/v2\/pages\/292"}],"wp:attachment":[{"href":"https:\/\/ircbau-italia.it\/en\/wp-json\/wp\/v2\/media?parent=342"}],"curies":[{"name":"wp","href":"https:\/\/api.w.org\/{rel}","templated":true}]}}